{"id":183,"date":"2018-06-01T16:33:56","date_gmt":"2018-06-01T14:33:56","guid":{"rendered":"https:\/\/www.delyss-menu.com\/restaurant\/?page_id=183"},"modified":"2024-07-12T16:19:59","modified_gmt":"2024-07-12T14:19:59","slug":"contact","status":"publish","type":"page","link":"https:\/\/www.delyss-menu.com\/restaurant\/en\/contact\/","title":{"rendered":"Contact (en)"},"content":{"rendered":"<style>\r\na.more { position: relative}\r\narticle .bottom { position:relative; text-align: center; margin-top:-130px}\r\narticle .bottom img { max-height:280px }\r\n<\/style>\r\n\r\n<section id=\"hardware\" class=\"page_section\">\r\n\t<div class=\"blue_haut\"><\/div>\r\n    <div class=\"content\">\r\n        <article class=\"page_article\">\r\n            <header>\r\n                <div class=\"page_image\">\r\n               <img decoding=\"async\" src=\"\/wp-content\/uploads\/tablette-tactile-menu-restaurant-600x406.png\" alt=\"Tablette tactile de menu pour restaurant\" width=\"90%\"\/>\r\n                <\/div>\r\n                <div class=\"header_content\">\r\n                    <h1 class=\"sub-border-left\">Contact<\/h1>\r\n                    <h2><strong>DELYSS<\/strong> est une solution pour bars et restaurants propos\u00e9e sur table ou tablettes tactiles<\/h2>\r\n                <\/div>\r\n            <\/header>\r\n        <\/article>\r\n\t\t\r\n\t\t\r\n\r\n \r\n        <article class=\"contact\">\r\n            <fieldset>\r\n                <legend align=\"center\">Contact-us<\/legend>\r\n                <p>\r\n                    Vous pouvez contacter nos \u00e9quipes \u00e0 tout moment via le formulaire suivant. Nous vous recontacterons le jour m\u00eame\r\n                    ou le lendemain selon le type de demande.\r\n                <\/p>\r\n                <p>\r\n                    Vous pouvez aussi nous joindre au <strong>04.28.29.04.25<\/strong>\r\n                <\/p>\r\n                <div class=\"contact_form\">\r\n                [insert_php] echo do_shortcode( &#8216;\n<div class=\"wpcf7 no-js\" id=\"wpcf7-f23-o1\" lang=\"fr-FR\" dir=\"ltr\" data-wpcf7-id=\"23\">\n<div class=\"screen-reader-response\"><p role=\"status\" aria-live=\"polite\" aria-atomic=\"true\"><\/p> <ul><\/ul><\/div>\n<form action=\"\/restaurant\/en\/wp-json\/wp\/v2\/pages\/183#wpcf7-f23-o1\" method=\"post\" class=\"wpcf7-form init\" aria-label=\"Formulaire de contact\" novalidate=\"novalidate\" data-status=\"init\">\n<fieldset class=\"hidden-fields-container\"><input type=\"hidden\" name=\"_wpcf7\" value=\"23\" \/><input type=\"hidden\" name=\"_wpcf7_version\" value=\"6.1.2\" \/><input type=\"hidden\" name=\"_wpcf7_locale\" value=\"fr_FR\" \/><input type=\"hidden\" name=\"_wpcf7_unit_tag\" value=\"wpcf7-f23-o1\" \/><input type=\"hidden\" name=\"_wpcf7_container_post\" value=\"0\" \/><input type=\"hidden\" name=\"_wpcf7_posted_data_hash\" value=\"\" \/>\n<\/fieldset>\n<p>Votre nom*\n<\/p>\n<p><span class=\"wpcf7-form-control-wrap\" data-name=\"your-name\"><input size=\"40\" maxlength=\"400\" class=\"wpcf7-form-control wpcf7-text wpcf7-validates-as-required\" aria-required=\"true\" aria-invalid=\"false\" value=\"\" type=\"text\" name=\"your-name\" \/><\/span>\n<\/p>\n<p>Votre soci\u00e9t\u00e9\n<\/p>\n<p><span class=\"wpcf7-form-control-wrap\" data-name=\"societe\"><input size=\"40\" maxlength=\"400\" class=\"wpcf7-form-control wpcf7-text wpcf7-validates-as-required\" aria-required=\"true\" aria-invalid=\"false\" value=\"\" type=\"text\" name=\"societe\" \/><\/span>\n<\/p>\n<p>Votre email*\n<\/p>\n<p><span class=\"wpcf7-form-control-wrap\" data-name=\"your-email\"><input size=\"40\" maxlength=\"400\" class=\"wpcf7-form-control wpcf7-email wpcf7-validates-as-required wpcf7-text wpcf7-validates-as-email\" aria-required=\"true\" aria-invalid=\"false\" value=\"\" type=\"email\" name=\"your-email\" \/><\/span>\n<\/p>\n<p>T\u00e9l\u00e9phone*\n<\/p>\n<p><span class=\"wpcf7-form-control-wrap\" data-name=\"your-tel\"><input size=\"40\" maxlength=\"400\" class=\"wpcf7-form-control wpcf7-tel wpcf7-text wpcf7-validates-as-tel\" aria-invalid=\"false\" placeholder=\"01.10.20.30.40\" value=\"\" type=\"tel\" name=\"your-tel\" \/><\/span>\n<\/p>\n<p>Sujet\n<\/p>\n<p><span class=\"wpcf7-form-control-wrap\" data-name=\"your-subject\"><input size=\"40\" maxlength=\"400\" class=\"wpcf7-form-control wpcf7-text\" aria-invalid=\"false\" value=\"\" type=\"text\" name=\"your-subject\" \/><\/span>\n<\/p>\n<p>Votre message\n<\/p>\n<p><span class=\"wpcf7-form-control-wrap\" data-name=\"your-message\"><textarea cols=\"40\" rows=\"10\" maxlength=\"2000\" class=\"wpcf7-form-control wpcf7-textarea\" aria-invalid=\"false\" name=\"your-message\"><\/textarea><\/span>\n<\/p>\n<p><span class=\"wpcf7-form-control-wrap\" data-name=\"antispam\"><span class=\"wpcf7-form-control wpcf7-acceptance invert\"><span class=\"wpcf7-list-item\"><label><input type=\"checkbox\" name=\"antispam\" value=\"1\" checked=\"checked\" aria-invalid=\"false\" \/><span class=\"wpcf7-list-item-label\">D\u00e9cocher pour \u00eatre recontact\u00e9<\/span><\/label><\/span><\/span><\/span><br \/>\n<input type=\"hidden\" class=\"wpcf7-form-control wpcf7-hidden\" name=\"referrer\" placeholder=\"\" value=\"referrer\" \/><!-- les noms des champs personnalis\u00e9s de la page --><br \/>\n<input type=\"hidden\" class=\"wpcf7-form-control wpcf7-hidden\" name=\"monip\" placeholder=\"\" value=\"monip\" \/>\n<\/p>\n<font size=\"1\">* informations obligatoires\n<\/font>\n<p><input class=\"wpcf7-form-control wpcf7-submit has-spinner\" type=\"submit\" value=\"Envoyer\" \/>\n<\/p><div class=\"wpcf7-response-output\" aria-hidden=\"true\"><\/div>\n<\/form>\n<\/div>\n&#8216; ); [\/insert_php]\r\n                <\/div>\r\n                <address>\r\n                    DYMENSION<br>\r\n                    213 rue de Gerland<br>\r\n                    69007 Lyon\r\n                <\/address>\r\n            <\/fieldset>\r\n        <\/article>\r\n    <\/div>\r\n<\/section>\r\n","protected":false},"excerpt":{"rendered":"<p>Contact DELYSS est une solution pour bars et restaurants propos\u00e9e sur table ou tablettes tactiles Contact-us Vous pouvez contacter nos \u00e9quipes \u00e0 tout moment via le formulaire suivant. Nous vous recontacterons le jour m\u00eame ou le lendemain selon le type de demande. Vous pouvez aussi nous joindre au 04.28.29.04.25 [insert_php] echo do_shortcode( &#8221; ); [\/insert_php] [&hellip;]<\/p>\n","protected":false},"author":3,"featured_media":0,"parent":0,"menu_order":0,"comment_status":"closed","ping_status":"closed","template":"","meta":{"_locale":"en_US","_original_post":"16","footnotes":""},"class_list":["post-183","page","type-page","status-publish","hentry","en-US"],"aioseo_notices":[],"_links":{"self":[{"href":"https:\/\/www.delyss-menu.com\/restaurant\/wp-json\/wp\/v2\/pages\/183","targetHints":{"allow":["GET"]}}],"collection":[{"href":"https:\/\/www.delyss-menu.com\/restaurant\/wp-json\/wp\/v2\/pages"}],"about":[{"href":"https:\/\/www.delyss-menu.com\/restaurant\/wp-json\/wp\/v2\/types\/page"}],"author":[{"embeddable":true,"href":"https:\/\/www.delyss-menu.com\/restaurant\/wp-json\/wp\/v2\/users\/3"}],"replies":[{"embeddable":true,"href":"https:\/\/www.delyss-menu.com\/restaurant\/wp-json\/wp\/v2\/comments?post=183"}],"version-history":[{"count":5,"href":"https:\/\/www.delyss-menu.com\/restaurant\/wp-json\/wp\/v2\/pages\/183\/revisions"}],"predecessor-version":[{"id":489,"href":"https:\/\/www.delyss-menu.com\/restaurant\/wp-json\/wp\/v2\/pages\/183\/revisions\/489"}],"wp:attachment":[{"href":"https:\/\/www.delyss-menu.com\/restaurant\/wp-json\/wp\/v2\/media?parent=183"}],"curies":[{"name":"wp","href":"https:\/\/api.w.org\/{rel}","templated":true}]}}