{"id":185,"date":"2018-06-01T16:34:58","date_gmt":"2018-06-01T14:34:58","guid":{"rendered":"https:\/\/www.delyss-menu.com\/restaurant\/?page_id=185"},"modified":"2024-07-16T18:17:52","modified_gmt":"2024-07-16T16:17:52","slug":"fonctionnalites","status":"publish","type":"page","link":"https:\/\/www.delyss-menu.com\/restaurant\/en\/fonctionnalites\/","title":{"rendered":"Features"},"content":{"rendered":"\t<script>\r\nfunction montrer(target) {\r\n  $( \".images\" ).hide(\"fast\");\r\n  $( target).show(\"fast\");\r\n}\r\n<\/script>\r\n\r\n<section id=\"features\" class=\"page_section\">\r\n<div class=\"blue_haut\"><\/div>\r\n    <div class=\"content\">\r\n        <header class=\"section_header\">\r\n            <h1 class=\"sub-border-center\"><strong>Features<\/strong><\/h1>\r\n        <\/header>\r\n        \r\n        <div class=\"features\">\r\n            <article>\r\n                <div class=\"inner\">\r\n                    \r\n                       <img decoding=\"async\" class=\"logo\" src=\"\/wp-content\/uploads\/menu-digital-restaurant-2.png\" alt=\"Commander son repas par tablette tactile\"\/>\r\n\t\t\t\r\n                    \r\n                    <h1 style=\"text-shadow: 0px 1px 3px white, 0px -1px 4px white\">D\u00e9couvrir<\/h1>\r\n                    <div class=\"feature_content\">\r\n                        <p>Naviguer dans la carte et les menus<\/p>\r\n\t\t\t\t\t\t<p>L&rsquo;application offre \u00e0 vos clients une vision compl\u00e8te de toute votre carte, avec illustration des plats, ainsi que de vos menus dans toutes leurs variantes<\/p>\r\n                    <\/div>\r\n                <\/div>\r\n            <\/article>\r\n            <article>\r\n                <div class=\"inner\">\r\n\t\t\t\t\t   <img decoding=\"async\" class=\"logo\"  src=\"\/wp-content\/uploads\/ingredient-menu-digital.png\" alt=\"personnaliser un plat\"\/>  \r\n\t\t\t\t\t  \r\n                    <h1>Personnaliser<\/h1>\r\n                    <div class=\"feature_content\">\r\n                        <p>Am\u00e9liorer ou composer un plat sur mesure<\/p>\r\n\t\t\t\t\t\t<p>Proposer des plats \u00e0 person&#173;naliser, et augmentez votre panier par des ventes aditionnelles sur des suppl\u00e9ments<\/p>\r\n                    <\/div>\r\n                <\/div>\r\n            <\/article>\r\n            <article>\r\n                <div class=\"inner\">\r\n\t\t\t\t\t<img decoding=\"async\" class=\"logo\" src=\"\/wp-content\/uploads\/suggestion-menu-digital-restaurant.png\" alt=\"afficher suggestion dans menu\"\/>\r\n                    <h1>Sugg\u00e9rer<\/h1>\r\n                    <div class=\"feature_content\">\r\n                        <p>Poussez des produits rares pour accompagner un plat<\/p>\r\n\t\t\t\t\t\t<p>Souvent les serveurs n&rsquo;osent pas proposer des vins chers ou des entr\u00e9es rafin\u00e9es. Laissez vos clients choisir eux-m\u00eames s&rsquo;ils veulent monter en gamme<\/p>\r\n                    <\/div>\r\n                <\/div>\r\n            <\/article>\r\n            <article class=\"inner\">\r\n                <div class=\"inner\">\r\n\t\t\t\t\t   <img decoding=\"async\" class=\"logo\" src=\"\/wp-content\/uploads\/mise-en-panier.png\" alt=\"envoyer menu en cuisine\"\/>\r\n                    <h1>Passer commande<\/h1>\r\n                    <div class=\"feature_content\">\r\n                        <p>En option, les clients passent eux-m\u00eames directement commande<\/p>\r\n\t\t\t\t\t\t<p>\u00c9vitez les attentes inter&#173;minables, laissez vos client commander sans patienter qu&rsquo;un serveur s&rsquo;occupe d&rsquo;eux<\/p>\r\n                    <\/div>\r\n                <\/div>\r\n            <\/article>\r\n           \r\n        <\/div>\r\n\t\t\r\n\t\t<section id=\"cooltablet\">\r\n\t\t\t<div class=\"content\">\r\n\t\t\t<h1 class=\"sub-border-right\">Ajoutez un plat<br> quand vous voulez<\/h1>\r\n\t\t\t\t<img decoding=\"async\" class=\"logo\" src=\"\/wp-content\/themes\/delyss.v2\/assets\/images\/cool.logo.png\" alt=\"Prendre son temps\">\r\n\t\t\t<\/div>\r\n\t\t<\/section>\r\n\t\t\r\n\t\t<div class=\"top_features\">\r\n            <article>\r\n                <div class=\"inner\">\r\n                    <h1>Navigation simple<\/h1>\r\n                    <div class=\"feature_content\">\r\n                        <p>\r\n                            Vos clients naviguent par rubriques : les Menus, les ap\u00e9ritifs, les entr\u00e9es, les plats, les desserts,\r\n                            les boissons, etc.\r\n                        <\/p>\r\n                        <p>\r\n                            Ils s\u00e9lectionnent le plat directement d&rsquo;un simple toucher sur sa mini-fiche, ou bien consultent au pr\u00e9alable\r\n                            les d\u00e9tails dans une fiche compl\u00e8te.\r\n                        <\/p>\r\n                    <\/div>\r\n                <\/div>\r\n            <\/article>\r\n            <article>\r\n                <div class=\"inner\">\r\n                    <h1>Description compl\u00e8te<\/h1>\r\n                    <div class=\"feature_content\">\r\n                        <p>\r\n                            La fiche compl\u00e8te de description informe le client compl\u00e8tement sur le produit :\r\n                        <\/p>\r\n                        <ul>\r\n                            <li>Visuel<\/li>\r\n                            <li>Description<\/li>\r\n                            <li>Ingr\u00e9dients<\/li>\r\n                            <li>Allerg\u00e8nes<\/li>\r\n                            <li>Calories<\/li>\r\n                        <\/ul>\r\n                        <p>\r\n                            Lib\u00e9rez les ressources de vos serveurs et redonnez leur le r\u00f4le de faire monter en gamme vos clients plut\u00f4t\r\n                            que de les laisser \u00eatre accapar\u00e9s en vain par des questions redondantes.\r\n                        <\/p>\r\n                    <\/div>\r\n                <\/div>\r\n            <\/article>\r\n            <article>\r\n                <div class=\"inner\">\r\n                    <h1>Multilingue<\/h1>\r\n                    <div class=\"feature_content\">\r\n                        <p>\r\n                            L&rsquo;application permet de changer de langue \u00e0 la vol\u00e9e gr\u00e2ce \u00e0 des petits drapeaux visuels.\r\n                        <\/p>\r\n                        <p>\r\n                               Gagnez de nouveaux clients \u00e9trangers qui n&rsquo;auraient pas pu d\u00e9couvrir toute la richesse de votre carte sans ce moyen convivial. \r\n                        <\/p>\r\n                    <\/div>\r\n                <\/div>\r\n            <\/article>\r\n        <\/div>\r\n\t\t\r\n\t\t\t<a name=\"video_table\"><\/a>\t\r\n\t\t<div class=\"content\">\r\n\t\t\t\t\r\n\t\t\t<div class=\"video\">\r\n\t\t\t\t <div style=\"border: solid 5px white; box-shadow: 3px 5px 12px; margin-left: 5px; width: 95%;\"><iframe class=\"intro_video\" src=\"https:\/\/player.vimeo.com\/video\/686012683?autoplay=0&amp;title=0&amp;byline=0&amp;portrait=0\" width=\"100%\" frameborder=\"0\" webkitallowfullscreen=\"\" mozallowfullscreen=\"\" allowfullscreen=\"\"><\/iframe><\/div>\r\n\t\t\t\t<\/div>\r\n\t\t\t<\/div>\r\n\t\t\r\n\r\n\t\t\t<p class=\"presentation\">DELYSS est une application riche en possibilit\u00e9s qui existe pour tables et pour tablettes tactiles. <br>\r\n\t\t\t\tChaque utilisation dispose de ses propres fonctionnalit\u00e9s. D\u00e9couvrez-les :<\/p>\r\n\t\t\r\n\t\t\r\n\r\n\r\n\r\n\r\n\t\t<div class=\"gallery\"><div class=\"header\">\r\n\t\t\t<div class=\"title\">L&rsquo;application en image<\/div>\r\n\t\t\t<div id=\"tabs\">\r\n\t\t\t  <a data-rel=\"tablette\" href=\"javascript:montrer('.tablettes');\" class=\"filter active\">Version Tablette<\/a>\r\n\t\t\t  <a data-rel=\"table\" href=\"javascript:montrer('.table');\" class=\"filter\">Version Table<\/a>\r\n\t\t\t<\/div><\/div>\r\n\t\t\t<div class=\"images tablettes\">\r\n\t\t\t\t<a href=\"\/wp-content\/uploads\/menu-tablette-accueil.png\" active=\"1\" asset=\"263299147\" internal=\"\" group=\"8\" class=\"broken_link\"><img decoding=\"async\" src=\"\/wp-content\/uploads\/menu-tablette-accueil-600x411.png\" alt=\"Accueil tablette\"\/><\/a>\r\n\t\t\t\t<a href=\"\/wp-content\/uploads\/menu-tablette-multilingue.png\" active=\"1\" asset=\"612381143\" internal=\"\" group=\"8\" class=\"broken_link\"><img decoding=\"async\" src=\"\/wp-content\/uploads\/menu-tablette-multilingue-600x411.png\" alt=\"\"\/><\/a>\r\n\t\t\t\t<a href=\"\/wp-content\/uploads\/menu-restaurant-entre.png\" active=\"1\" asset=\"340352234\" internal=\"\" group=\"8\" class=\"broken_link\"><img decoding=\"async\" src=\"\/wp-content\/uploads\/menu-restaurant-entre-600x425.png\" alt=\"\"\/><\/a>\r\n\t\t\t\t<a href=\"\/wp-content\/uploads\/navigation-menu-tablette.png\" active=\"1\" asset=\"2113886143\" internal=\"\" group=\"8\" class=\"broken_link\"><img decoding=\"async\" src=\"\/wp-content\/uploads\/navigation-menu-tablette-600x425.png\" alt=\"\"\/><\/a>\r\n\t\t\t\t<a href=\"\/wp-content\/uploads\/choix-plat-menu-tablette-restaurant.png\" active=\"1\" asset=\"1236769903\" internal=\"\" group=\"8\" class=\"broken_link\"><img decoding=\"async\" src=\"\/wp-content\/uploads\/choix-plat-menu-tablette-restaurant-600x425.png\" alt=\"\"\/><\/a>\r\n\t\t\t\t<a href=\"\/wp-content\/uploads\/dtail-plat-menu-tablette-restaurant.png\" active=\"1\" asset=\"1865750298\" internal=\"\" group=\"8\" class=\"broken_link\"><img decoding=\"async\" src=\"\/wp-content\/uploads\/dtail-plat-menu-tablette-restaurant-600x425.png\" alt=\"\"\/><\/a>\r\n\t\t\t\t<a href=\"\/wp-content\/uploads\/option-d-un-plat-application-tablette-repas.png\" active=\"1\" asset=\"1640022910\" internal=\"\" group=\"8\" class=\"broken_link\"><img decoding=\"async\" src=\"\/wp-content\/uploads\/option-d-un-plat-application-tablette-repas-600x411.png\" alt=\"\"\/><\/a>\r\n\t\t\t\t<a href=\"\/wp-content\/uploads\/composition-par-ingredient-application-tablette.png\" active=\"1\" asset=\"1773231399\" internal=\"\" group=\"8\" class=\"broken_link\"><img decoding=\"async\" src=\"\/wp-content\/uploads\/composition-par-ingredient-application-tablette-600x411.png\" alt=\"\"\/><\/a>\r\n\t\t\t\t<a href=\"\/wp-content\/uploads\/choix-boisson-application-restaurant-menu.png\" active=\"1\" asset=\"1281481077\" internal=\"\" group=\"8\" class=\"broken_link\"><img decoding=\"async\" src=\"\/wp-content\/uploads\/choix-boisson-application-restaurant-menu-600x411.png\" alt=\"\" width=\"600\"\/><\/a>\r\n\t\t\t\t<a href=\"\/wp-content\/uploads\/panier-application-tablette-restaurant.png\" active=\"1\" asset=\"3511960\" internal=\"\" group=\"8\" class=\"broken_link\"><img decoding=\"async\" src=\"\/wp-content\/uploads\/panier-application-tablette-restaurant-600x411.png\" alt=\"\"\/><\/a>\r\n\t\t\t\t<a href=\"\/wp-content\/uploads\/panier-valid-commande-tablette-restaurant.png\" active=\"1\" asset=\"945874139\" internal=\"\" group=\"8\" class=\"broken_link\"><img decoding=\"async\" src=\"\/wp-content\/uploads\/panier-valid-commande-tablette-restaurant-600x411.png\" alt=\"\"\/><\/a>\r\n\r\n\t\t\t<\/div>\r\n\r\n\t\t\t<div class=\"images table\">\r\n\t\t\t\t<a href=\"\/wp-content\/uploads\/table-tactile-repas.jpg\" active=\"1\" asset=\"1190956647\" internal=\"\" group=\"8\" class=\"broken_link\"><img decoding=\"async\" src=\"\/wp-content\/uploads\/table-tactile-repas-300x181.jpg\" alt=\"Table tactile commande de repas\"\/><\/a>\r\n\t\t\t\t<a href=\"\/wp-content\/uploads\/table-tactile-repas-publicit\u00e9.jpg\" active=\"1\" asset=\"324619428\" internal=\"\" group=\"8\" class=\"broken_link\"><img decoding=\"async\" src=\"\/wp-content\/uploads\/table-tactile-repas-publicit\u00e9-300x181.jpg\" alt=\"Table tactile commande de repas publicit\u00e9\"\/><\/a>\r\n\t\t\t\t<a href=\"\/wp-content\/uploads\/table-tactile-repas-accueil.jpg\" active=\"1\" asset=\"1150752550\" internal=\"\" group=\"8\" class=\"broken_link\"><img decoding=\"async\" src=\"\/wp-content\/uploads\/table-tactile-repas-accueil-300x181.jpg\" alt=\"Table tactile commande de repas accueil\"\/><\/a>\r\n\t\t\t\t<a href=\"\/wp-content\/uploads\/table-tactile-repas-menu.jpg\" active=\"1\" asset=\"1540041154\" internal=\"\" group=\"8\" class=\"broken_link\"><img decoding=\"async\" src=\"\/wp-content\/uploads\/table-tactile-repas-menu-300x181.jpg\" alt=\"Table tactile commande de repas menus\"\/><\/a>\r\n\t\t\t\t<a href=\"\/wp-content\/uploads\/table-tactile-repas-menu-choisi.jpg\" active=\"1\" asset=\"896929523\" internal=\"\" group=\"8\" class=\"broken_link\"><img decoding=\"async\" src=\"\/wp-content\/uploads\/table-tactile-repas-menu-choisi-300x181.jpg\" alt=\"Table tactile commande de repas menu confirmation\"\/><\/a>\r\n\t\t\t\t<a href=\"\/wp-content\/uploads\/table-tactile-repas-burger.jpg\" active=\"1\" asset=\"1274906570\" internal=\"\" group=\"8\" class=\"broken_link\"><img decoding=\"async\" src=\"\/wp-content\/uploads\/table-tactile-repas-burger-300x181.jpg\" alt=\"Table tactile commande de burger\"\/><\/a>\r\n\t\t\t\t<a href=\"\/wp-content\/uploads\/table-tactile-repas-menu-fullscreen.jpg\" active=\"1\" asset=\"1114113769\" internal=\"\" group=\"8\" class=\"broken_link\"><img decoding=\"async\" src=\"\/wp-content\/uploads\/table-tactile-repas-menu-fullscreen-300x181.jpg\" alt=\"Table tactile commande de menu fullscreen\"\/><\/a>\r\n\t\t\t\t<a href=\"\/wp-content\/uploads\/table-tactile-repas-menu-enfant.jpg\" active=\"1\" asset=\"528352333\" internal=\"\" group=\"8\" class=\"broken_link\"><img decoding=\"async\" src=\"\/wp-content\/uploads\/table-tactile-repas-menu-enfant-300x181.jpg\" alt=\"Table tactile menu enfant\"\/><\/a>\r\n\t\t\t\t<a href=\"\/wp-content\/uploads\/table-tactile-repas-fullscreen.jpg\" active=\"1\" asset=\"788821148\" internal=\"\" group=\"8\" class=\"broken_link\"><img decoding=\"async\" src=\"\/wp-content\/uploads\/table-tactile-repas-fullscreen-300x181.jpg\" alt=\"Table tactile fullscreen nuggets\"\/><\/a>\r\n\t\t\t\t<a href=\"\/wp-content\/uploads\/table-tactile-repas-burger-fullscreen.jpg\" active=\"1\" asset=\"250453550\" internal=\"\" group=\"8\" class=\"broken_link\"><img decoding=\"async\" src=\"\/wp-content\/uploads\/table-tactile-repas-burger-fullscreen-300x181.jpg\" alt=\"Table tactile d\u00e9tail plat\"\/><\/a>\r\n\t\t\t\t<a href=\"\/wp-content\/uploads\/table-tactile-repas-boissons.jpg\" active=\"1\" asset=\"1462594581\" internal=\"\" group=\"8\" class=\"broken_link\"><img decoding=\"async\" src=\"\/wp-content\/uploads\/table-tactile-repas-boissons-300x181.jpg\" alt=\"Table tactile boissons cat\u00e9gories\"\/><\/a>\r\n\t\t\t\t<a href=\"\/wp-content\/uploads\/table-tactile-repas-suppl\u00e9ments.jpg\" active=\"1\" asset=\"155196514\" internal=\"\" group=\"8\" class=\"broken_link\"><img decoding=\"async\" src=\"\/wp-content\/uploads\/table-tactile-repas-suppl\u00e9ments-300x181.jpg\" alt=\"Table tactile suppl\u00e9ments\"\/><\/a>\r\n\t\t\t\t<a href=\"\/wp-content\/uploads\/table-tactile-repas-jeux.jpg\" active=\"1\" asset=\"523123433\" internal=\"\" group=\"8\" class=\"broken_link\"><img decoding=\"async\" src=\"\/wp-content\/uploads\/table-tactile-repas-jeux-300x181.jpg\" alt=\"Table tactile repas jeux\"\/><\/a>\r\n\t\t\t<\/div>\r\n\t\t<\/div>\r\n\t\t\r\n\r\n\t\t\r\n\t<\/div>\r\n<\/section>\r\n\r\n<section id=\"features_list\">\r\n\t<div class=\"content\">\r\n\t\t<h1 class=\"sub-border-center\"><strong>D&Eacute;TAIL<\/strong> DES FONCTIONNALIT&Eacute;S<\/h1>\r\n\t\r\n\t\t\t<p class=\"presentation\">DELYSS est un outil convivial adapt\u00e9 \u00e0 tous les types de restaurants et g\u00e8re aussi bien les plats du jour dynamiques que les plats \u00e0 personnaliser soi-m\u00eame, ou encore les tapas, les variantes de formules, les bars \u00e0 salade.\r\n\t<div class=\"bloc_articles\">\r\n\t\t<article>\r\n\t\t\t<h1>S&Eacute;LECTION<\/h1>\r\n\t\t\tAjout ou suppression d&rsquo;un plat d&rsquo;un simple toucher sur l&rsquo;image.<br>\r\n\t\t\tle syst\u00e8me g\u00e8re bien entendu les quantit\u00e9s. On acc\u00e8de au d\u00e9tail du plat en touchant sa description textuelle.\r\n\t\t\t\r\n\t\t<\/article>\r\n\t\t\r\n\t\t<article>\r\n\t\t\t<h1>ALLERG&Egrave;NES<\/h1>\r\n\t\t\tLa description du plat contient toutes les informations que vous pouvez saisir : <br>\r\n\t\t\tles ingr\u00e9dients, les allerg\u00e8nes, les calories&#8230;\r\n\t\t<\/article>\r\n\t\t\r\n\t\t<article>\r\n\t\t\t<h1>SUGGESTIONS<\/h1>\r\n\t\t\tDans le d\u00e9tail de chaque plat, le client se voit proposer des suggestions, soit al\u00e9atoirement, soit selon celles que vous avez soigneusement s\u00e9lectionn\u00e9es pour tel plat.<br>\r\n\t\t\tVous pouvez sugg\u00e9rer un plat (un caf\u00e9) ou toute une rubrique (les boissons chaudes).\r\n\t\t<\/article>\r\n\t\t\r\n\t\t<article>\r\n\t\t\t<h1>CUISSON<\/h1>\r\n\t\t\tPour les plats concern\u00e9s, vous pouvez proposer diff\u00e9rentes dur\u00e9es de cuisson.<br>\r\n\t\t\tla cuisson souhait\u00e9e sera alors indiqu\u00e9e en cuisine sur le ticket de production\r\n\t\t<\/article>\r\n\t\t\r\n\t\t<article>\r\n\t\t\t<h1>SAUCES<\/h1>\r\n\t\t\tPour chaque plat, vous pouvez proposer en option de s\u00e9lectionner un sauce, et rendre ce choix obligatoire ou facultatif.<br>\r\n\t\t\tVous cr\u00e9ez vous-m\u00eame la liste des sauces disponibles\r\n\t\t<\/article>\r\n\t\t\r\n\t\t<article>\r\n\t\t\t<h1>ACCOMPAGNEMENT<\/h1>\r\n\t\t\tCertains plats n\u00e9cessitent un choix d&rsquo;accompagnement. Comme pour les sauces, vous pouvez en proposer une liste.<br>\r\n\t\t\tL&rsquo;accompagnement choisi sera indiqu\u00e9 sur le ticket de production.\r\n\t\t<\/article>\r\n\t\t\r\n\t\t<article>\r\n\t\t\t<h1>MISE EN AVANT<\/h1>\r\n\t\t\tSi vous avez des plats sp\u00e9ciaux pour la saison, ou si vous avez besoin de finir des stocks, vous pouvez mettre des plats en avant.<br>\r\n\t\t\tCeux-ci se retrouvent alors en t\u00eate de liste avec une d\u00e9coration sp\u00e9ciale pour les mettre en valeur.\r\n\t\t<\/article>\r\n\t\t\r\n\t\t<article>\r\n\t\t\t<h1>PLAT DU JOUR<\/h1>\r\n\t\t\tVotre menu change tous les jours ? Pas de probl\u00e8me. Vous pouvez cr\u00e9er des plats ou des menus du jour programm\u00e9s selon votre calendrier.<br>\r\n\t\t\tChaque jour, le plat changera automatiquement selon votre programme.\r\n\t\t<\/article>\r\n\t\t\r\n\t\t<article>\r\n\t\t\t<h1>VARIANTE DE MENU<\/h1>\r\n\t\t\tVous proposez des menu avec ou sans dessert ? DELYSS g\u00e8re cela en proposant toutes vos variantes au client.<br>\r\n\t\t\tMieux que cela, il calcule automatiquement la variante compatible avec le choix en cours. Ainsi le client est \u00e0 la fois s\u00fbr de payer le juste prix sans \u00eatre restreint s&rsquo;il veut ajouter un plat au dernier moment.\r\n\t\t<\/article>\r\n\t\t\r\n\t\t<article>\r\n\t\t\t<h1>PUBLICIT&Eacute;S<\/h1>\r\n\t\t\tDELYSS int\u00e8gre un module s\u00e9par\u00e9 de publicit\u00e9, qui peut vous permettre aussi bien de promouvoir vos propres \u00e9v\u00e9nements que de louer \u00e0 des r\u00e9gies l&rsquo;espace de diffusion que repr\u00e9sentent ces \u00e9crans.<br>\r\n\t\t\tVous pouvez ainsi les mon\u00e9tiser et en faire une source suppl\u00e9mentaire de revenus.\r\n\t\t<\/article>\r\n\t\t\r\n\t\t<article>\r\n\t\t\t<h1>PLAT SUR-MESURE<\/h1>\r\n\t\t\tDe plus en plus de restaurant propose des plats sur mesure ou \u00e0 personnaliser : pizzas, salades, burger, glaces.<br>\r\n\t\t\tEncouragez vos clients \u00e0 tester tous les ingr\u00e9dients disponibles en leur donnant tout le temps n\u00e9cessaire \u00e0 composer le plat de leurs r\u00eaves.\r\n\t\t<\/article>\r\n\t\t\r\n\t\t<article>\r\n\t\t\t<h1>IMPRESSION EN CUISINE<\/h1>\r\n\t\t\tD\u00e8s la commande envoy\u00e9e, celle-ci est imprim\u00e9e en cuisine, chaque plat ou boisson selon son p\u00f4le de production.<br>\r\n\t\t\tVos serveurs retrouvent enfin du temps pour mieux servir les clients et mieux les conseiller.\r\n\t\t<\/article>\r\n\t\t\r\n\t\t<article>\r\n\t\t\t<h1>APPEL SERVEUR<\/h1>\r\n\t\t\tSi quelque chose ne va pas, vos clients peuvent \u00e0 tout moment solliciter un serveur. <br>\r\n\t\t\tEn appuyant sur un bouton, le serveur recevra la notification sur sa montre que telle table a besoin d&rsquo;assistance.\r\n\t\t<\/article>\r\n\t\t\r\n\t\t<article>\r\n\t\t\t<h1>LOISIRS<\/h1>\r\n\t\t\tUne fois la commande envoy\u00e9e, vos clients peuent patienter en jouant, surfant sur internet, consultant les actualit\u00e9s.<br>\r\n\t\t\tIls peuvent aussi noter vos plats au fur-et-\u00e0 mesure qu&rsquo;ils les go\u00fbtent pour toujours am\u00e9liorer votre cuisine.\r\n\t\t<\/article>\r\n\t\t\r\n\r\n\t\t\r\n\t<\/div>\r\n\t\t\r\n\t<\/div>\r\n\t<br style=\"clear:both\">\r\n<\/section>\t\r\n\t\r\n<section id=\"illustration\">\r\n\t<a name=\"video_kiosk\"><\/a>\t\r\n\t<div class=\"content\">\r\n               <div class=\"video\"> \r\n                 <div style=\"border: solid 5px white; box-shadow: 3px 5px 12px; margin-left: 5px; width: 95%;\"><iframe class=\"intro_video\" src=\"https:\/\/player.vimeo.com\/video\/336341480?autoplay=0&amp;title=0&amp;byline=0&amp;portrait=0\" width=\"100%\" frameborder=\"0\" webkitallowfullscreen=\"\" mozallowfullscreen=\"\" allowfullscreen=\"\"><\/iframe><\/div>\r\n                <\/div>\r\n\t<\/div>\r\n\t<p>&nbsp;<\/p>\r\n\t<br style=\"clear:both\">\r\n<\/section>\r\n\r\n<section id=\"features_bottom\">\r\n    <div class=\"content\">\r\n        <article class=\"focus\">\r\n            <header>\r\n                <h1 class=\"sub-border-left\">Mise en avant <strong>des plats<\/strong><\/h1>\r\n            <\/header>\r\n            <div class=\"focus_content\">\r\n                <p>\r\n                    Vous avez un plat de la semaine, une promotion sp\u00e9ciale, un \u00e9v\u00e9nement, mettez certains plats en avant pour les faire ressortir.\r\n                <\/p>\r\n                <p>\r\n                    Ceux-ci ressortiront toujours en premi\u00e8re place dans la liste des plats, et seront d\u00e9cor\u00e9s pour attirer l&rsquo;attention.\r\n                <\/p>\r\n            <\/div>\r\n        <\/article>\r\n    <\/div>\r\n    <div class=\"monetization\">\r\n        <div class=\"content\">\r\n            <article>\r\n                <h1 class=\"sub-border-center\">Publicit\u00e9 &amp; <strong>mon\u00e9tisation<\/strong><\/h1>\r\n                <p>\r\n                    L&rsquo;investissement initial en mat\u00e9riel peut rapidement \u00eatre effac\u00e9 et devenir pour vous une source de revenu gr\u00e2ce \u00e0 la publicit\u00e9.<br>\r\n                    Vos client ont sous les yeux des \u00e9crans de diffusion. Il peut \u00eatre tr\u00e8s int\u00e9ressant financi\u00e8rement de proposer cet espace \u00e0 des\r\n                    annonceurs moyennant une r\u00e9tribution comme 1 \u20ac\/jour ou plus, soit pour\r\n                    10 appareils un gain de 300 \u20ac\/mois et 3 600\u20ac\/an, qui vient s&rsquo;ajouter aux \u00e9conomies d\u00e9j\u00e0 faite et \u00e0 l&rsquo;augmentation du panier moyen.\r\n                <\/p>\r\n            <\/article>\r\n        <\/div>\r\n    <\/div>\r\n<\/section>\r\n\t\t  ","protected":false},"excerpt":{"rendered":"<p>Features D\u00e9couvrir Naviguer dans la carte et les menus L&rsquo;application offre \u00e0 vos clients une vision compl\u00e8te de toute votre carte, avec illustration des plats, ainsi que de vos menus dans toutes leurs variantes Personnaliser Am\u00e9liorer ou composer un plat sur mesure Proposer des plats \u00e0 person&#173;naliser, et augmentez votre panier par des ventes aditionnelles [&hellip;]<\/p>\n","protected":false},"author":3,"featured_media":0,"parent":0,"menu_order":0,"comment_status":"closed","ping_status":"closed","template":"","meta":{"_locale":"en_US","_original_post":"8","footnotes":""},"class_list":["post-185","page","type-page","status-publish","hentry","en-US"],"aioseo_notices":[],"_links":{"self":[{"href":"https:\/\/www.delyss-menu.com\/restaurant\/wp-json\/wp\/v2\/pages\/185","targetHints":{"allow":["GET"]}}],"collection":[{"href":"https:\/\/www.delyss-menu.com\/restaurant\/wp-json\/wp\/v2\/pages"}],"about":[{"href":"https:\/\/www.delyss-menu.com\/restaurant\/wp-json\/wp\/v2\/types\/page"}],"author":[{"embeddable":true,"href":"https:\/\/www.delyss-menu.com\/restaurant\/wp-json\/wp\/v2\/users\/3"}],"replies":[{"embeddable":true,"href":"https:\/\/www.delyss-menu.com\/restaurant\/wp-json\/wp\/v2\/comments?post=185"}],"version-history":[{"count":8,"href":"https:\/\/www.delyss-menu.com\/restaurant\/wp-json\/wp\/v2\/pages\/185\/revisions"}],"predecessor-version":[{"id":510,"href":"https:\/\/www.delyss-menu.com\/restaurant\/wp-json\/wp\/v2\/pages\/185\/revisions\/510"}],"wp:attachment":[{"href":"https:\/\/www.delyss-menu.com\/restaurant\/wp-json\/wp\/v2\/media?parent=185"}],"curies":[{"name":"wp","href":"https:\/\/api.w.org\/{rel}","templated":true}]}}