{"id":10,"date":"2018-02-07T16:53:15","date_gmt":"2018-02-07T15:53:15","guid":{"rendered":"https:\/\/www.delyss-menu.com\/restaurant\/?page_id=10"},"modified":"2023-12-15T17:35:01","modified_gmt":"2023-12-15T16:35:01","slug":"materiel","status":"publish","type":"page","link":"https:\/\/www.delyss-menu.com\/restaurant\/materiel\/","title":{"rendered":"Mat\u00e9riel"},"content":{"rendered":"<style>\r\na.more { position: relative}\r\narticle .bottom { position:relative; text-align: center; margin-top:-130px}\r\narticle .bottom img { max-height:280px }\r\n<\/style>\r\n\r\n<section id=\"hardware\" class=\"page_section\">\r\n\t<div class=\"blue_haut\"><\/div>\r\n    <div class=\"content\">\r\n        <article class=\"page_article\">\r\n            <header>\r\n                <div class=\"page_image\">\r\n               <img decoding=\"async\" src=\"\/wp-content\/uploads\/tablette-tactile-menu-restaurant-600x406.png\" alt=\"Tablette tactile de menu pour restaurant\" width=\"90%\"\/>\r\n                <\/div>\r\n                <div class=\"header_content\">\r\n                    <h1 class=\"sub-border-left\">Mat\u00e9riel<\/h1>\r\n                    <h2><strong>DELYSS<\/strong> est une solution pour bars et restaurants propos\u00e9e sur table ou tablettes tactiles<\/h2>\r\n                    <div class=\"download_doc\">\r\n                        <a href=\"\/wp-content\/uploads\/doc\/catalogue_Resto.pdf\" target=\"_blank\" rel=\"noopener\" class=\"broken_link\">Catalogue<\/a>\r\n                    <\/div>\r\n                <\/div>\r\n\t\t\t\t <p>\r\n                     <strong>Types de mat\u00e9riels<\/strong><br>\r\n                      Delyss fonctionne sur tablette Android,  sur table tactile, ou borne de commande.\r\n                   <\/p>\r\n            <\/header>\r\n        <\/article>\r\n\t\t\r\n\t\t\r\n        <div class=\"top_features\">\r\n\t\t\r\n\t\t\t<article>\r\n                <div class=\"inner\">\r\n                    <h1>Tablettes<\/h1>\r\n                    <div class=\"feature_content\">\r\n                       <p>\r\n\t\t\t\t\t\t Des tablettes tactiles \u00e0 donner aux clients \u00e0 la place des menus pour qu&rsquo;ils puissent passer commande en autonomie.\r\n\t\t\t\t\t\t<br> Nous pouvons \u00e9galement proposer des tablette 7&Prime; plus petites destin\u00e9es \u00e0 vos serveurs.\r\n\t\t\t\t\t\t<\/p>\r\n\t\t\t\t\t<\/div>\r\n\t\t\t\t<\/div>\r\n\t\t\t\t<div class=\"bottom\">\r\n\t\t\t\t\t<a href=\"\/materiel\/tablette-pour-restaurant\/\" class=\"broken_link\"><img decoding=\"async\" src=\"\/wp-content\/uploads\/tablette-debout-pour-restaurant.png\" alt=\"Tablette debout de menu pour restaurant\" width=\"95%\"\/><\/a>\r\n\t\t\t\t\t<a href=\"\/materiel\/tablette-pour-restaurant\/\" class=\"more broken_link\">Voir nos tablettes<\/a>\r\n\t\t\t\t<\/div>\r\n            <\/article>\r\n\t\t\t\r\n\t\t\t<article>\r\n                <div class=\"inner\">\r\n                    <h1>Table tactile<\/h1>\r\n                    <div class=\"feature_content\">\r\n\t\t\t\t\t\t  <p>\r\n\t\t\t\t\t\t\tPrendre commande directement de la table o\u00f9 l&rsquo;on est assis. Jouer et surfer en attendant d&rsquo;\u00eatre servi\r\n\t\t\t\t\t\t<\/p>\r\n\t\t\t\t\t <\/div>\r\n\t\t\t\t <\/div>\r\n\t\t\t\t<div class=\"bottom\">\r\n\t\t\t\t\t<a href=\"\/materiel\/table-tactile-pour-restaurant\/\" class=\"broken_link\"><img decoding=\"async\" src=\"\/wp-content\/uploads\/dneo-table-tactile-pour-restaurant-600x545.png\" alt=\"table tactile restaurant D-neo\" width=\"95%\"\/><\/a>\r\n\t\t\t\t\t<a href=\"\/materiel\/table-tactile-pour-restaurant\/\" class=\"more broken_link\">Voir nos tables<\/a>\r\n\t\t\t\t<\/div>\r\n            <\/article>\r\n\t\t\t\r\n\t\t\t<article>\r\n                <div class=\"inner\">\r\n                    <h1>Borne de commande<\/h1>\r\n                    <div class=\"feature_content\">\r\n\t\t\t\t\t\t<p>\r\n\t\t\t\t\t\tPlacez ces bornes dans votre restaurant et laissez vos client passer commande et payer directement via ces terminaux.\r\n\t\t\t\t\t\t<\/p>\r\n\t\t\t\t\t<\/div>\r\n\t\t\t\t<\/div>\r\n\t\t\t\t<div class=\"bottom\">\r\n\t\t\t\t\t<a href=\"\/materiel\/borne-tactile-pour-restaurant\/\" class=\"broken_link\"><img decoding=\"async\" src=\"\/wp-content\/uploads\/selkiosk-as_webmenu-600x470.png\" alt=\"Borne tactile de commande repas\"\/><\/a>\r\n\t\t\t\t\t<a href=\"\/materiel\/borne-tactile-pour-restaurant\/\" class=\"more broken_link\">Voir nos bornes<\/a>\r\n\t\t\t\t<\/div>\r\n            <\/article>\r\n\t\t\t\r\n\r\n        <\/div>\r\n\t\t\r\n\r\n    <\/div>\r\n    <div class=\"hardware_bottom\"><\/div>\r\n<\/section>\r\n\t\t","protected":false},"excerpt":{"rendered":"<p>Mat\u00e9riel DELYSS est une solution pour bars et restaurants propos\u00e9e sur table ou tablettes tactiles Catalogue Types de mat\u00e9riels Delyss fonctionne sur tablette Android, sur table tactile, ou borne de commande. Tablettes Des tablettes tactiles \u00e0 donner aux clients \u00e0 la place des menus pour qu&rsquo;ils puissent passer commande en autonomie. Nous pouvons \u00e9galement proposer [&hellip;]<\/p>\n","protected":false},"author":3,"featured_media":451,"parent":0,"menu_order":0,"comment_status":"closed","ping_status":"closed","template":"","meta":{"_locale":"fr_FR","_original_post":"10","footnotes":""},"class_list":["post-10","page","type-page","status-publish","has-post-thumbnail","hentry","fr-FR"],"aioseo_notices":[],"_links":{"self":[{"href":"https:\/\/www.delyss-menu.com\/restaurant\/wp-json\/wp\/v2\/pages\/10","targetHints":{"allow":["GET"]}}],"collection":[{"href":"https:\/\/www.delyss-menu.com\/restaurant\/wp-json\/wp\/v2\/pages"}],"about":[{"href":"https:\/\/www.delyss-menu.com\/restaurant\/wp-json\/wp\/v2\/types\/page"}],"author":[{"embeddable":true,"href":"https:\/\/www.delyss-menu.com\/restaurant\/wp-json\/wp\/v2\/users\/3"}],"replies":[{"embeddable":true,"href":"https:\/\/www.delyss-menu.com\/restaurant\/wp-json\/wp\/v2\/comments?post=10"}],"version-history":[{"count":43,"href":"https:\/\/www.delyss-menu.com\/restaurant\/wp-json\/wp\/v2\/pages\/10\/revisions"}],"predecessor-version":[{"id":141,"href":"https:\/\/www.delyss-menu.com\/restaurant\/wp-json\/wp\/v2\/pages\/10\/revisions\/141"}],"wp:featuredmedia":[{"embeddable":true,"href":"https:\/\/www.delyss-menu.com\/restaurant\/wp-json\/wp\/v2\/media\/451"}],"wp:attachment":[{"href":"https:\/\/www.delyss-menu.com\/restaurant\/wp-json\/wp\/v2\/media?parent=10"}],"curies":[{"name":"wp","href":"https:\/\/api.w.org\/{rel}","templated":true}]}}