{"id":14,"date":"2018-02-07T16:53:44","date_gmt":"2018-02-07T15:53:44","guid":{"rendered":"https:\/\/www.delyss-menu.com\/restaurant\/?page_id=14"},"modified":"2023-12-14T18:38:47","modified_gmt":"2023-12-14T17:38:47","slug":"faq","status":"publish","type":"page","link":"https:\/\/www.delyss-menu.com\/restaurant\/faq\/","title":{"rendered":"FAQ"},"content":{"rendered":"<section id=\"hardware\" class=\"page_section\">\r\n<div class=\"blue_haut\"><\/div>\r\n    <div class=\"content\">\r\n        <article class=\"page_article\">\r\n            <header>\r\n                <div class=\"page_image\">\r\n                    [insert_php] the_post_thumbnail(); [\/insert_php]\r\n                <\/div>\r\n                <div class=\"header_content\">\r\n                    <h1 class=\"sub-border-left\">FAQ<\/h1>\r\n\r\n<h2>Vous trouverez ci-dessous les questions fr\u00e9quemment pos\u00e9es, en esp\u00e9rant qu&rsquo;elles puissent r\u00e9pondre \u00e0 vos demandes.<\/h2>\r\n<p>N&rsquo;h\u00e9sitez pas \u00e0 nous contacter si vous ne trouvez pas ci-dessous r\u00e9ponse \u00e0 vos propres questions.<\/p>\r\n\r\n<\/div>\r\n<\/header>\r\n\r\n&nbsp;\r\n\r\n<div class=\"faqwd_conteiner \"> <div class=\"faqwd_search\">\r\n                    <input type=\"text\" class=\"faqwd_search_input\"\/>\r\n                    <div class=\"faqwd_search_button\"><\/div>\r\n                <\/div><input type=\"hidden\" class=\"faqwd_search_text1\" value=\"Aucun r\u00e9sultat\" \/><input type=\"hidden\" class=\"faqwd_search_text2\" value=\"La recherche ne contenir que des caract\u00e8res et des chiffres\" \/><input type=\"hidden\" class=\"faqwd_search_text3\" value=\"R\u00e9sultat de la recherche\" \/><div  class=\"faqwd_categories\"><ul class=\"faqwd_categories_ul\"> <li class=\"faqwd_categories_li faqwd_category_id_10\" data-catid=\"10\">Technique <li class=\"faqwd_categories_li faqwd_category_id_11\" data-catid=\"11\">Commerciale<\/li><\/ul><\/div><div class=\"faqwd_expand_collapse\">\r\n    <span class=\"faqwd_expand\">Tout ouvrir<\/span>    \r\n        <span class=\"faqwd_hidden\">|<\/span>\r\n    <span class=\"faqwd_collapse\">Tout refermer<\/span>\r\n    <\/div><div class=\"faqwd_questions\"><div class=\"faqwd_cat_10 faqwd_cat faqwd_hidden\"><ul class=\"faqwd_questions_ul\"><li class=\"faqwd_question_li expand faqwd_qustion_li_10_443\"><div class=\"faqwd_question_title_container\" data-faqid=10_443> <div class=\"faqwd_question_title\"> <span class=\"faqwd_quest_numbering\">1. <\/span><span class=\"faqwd_post_title\" id=\"10_443\">Peut-on payer directement sur les tablettes ?<\/span><\/div><div class=\"before20\"><span class=\"arr\">&nbsp;<\/span><\/div><\/div><div class=\"faqwd_question_content faqwd_question_10_443\"><div class=\"faqwd_answer_container\"><div class=\"faqwd_post_info\"><\/div><div class=\"faqwd_answer\"><p>Pas encore mais c'est en cours de d\u00e9veloppement.<br \/>\nLe client pourra passer sa carte sur la tablette par contact NFC. La solution lui demandera de ressaisir son cryptogramme, et la transaction se passera comme sur un site marchand classique.<\/p>\n<\/div><div class=\"faqwd_question_options\"><\/div><\/div><\/div><\/li ><li class=\"faqwd_question_li expand faqwd_qustion_li_10_444\"><div class=\"faqwd_question_title_container\" data-faqid=10_444> <div class=\"faqwd_question_title\"> <span class=\"faqwd_quest_numbering\">2. <\/span><span class=\"faqwd_post_title\" id=\"10_444\">O\u00f9 vont les commandes ?<\/span><\/div><div class=\"before20\"><span class=\"arr\">&nbsp;<\/span><\/div><\/div><div class=\"faqwd_question_content faqwd_question_10_444\"><div class=\"faqwd_answer_container\"><div class=\"faqwd_post_info\"><\/div><div class=\"faqwd_answer\"><p>Les commandes sont envoy\u00e9es sur des imprimantes thermiques en cuisine et \u00e0 la caisse.<br \/>\nVous pouvez g\u00e9rer plusieurs p\u00f4les d'impression (chaud, froid, dessert, bar, etc.) chacun recevra la commande qui lui incombe.<br \/>\nLa caisse re\u00e7oit un ticket complet pour \u00eatre ressaisi dans votre logiciel de caisse, et un p\u00f4le d\u00e9part peut recevoir un r\u00e9capitulatif complet de la commande pour le serveur.<\/p>\n<\/div><div class=\"faqwd_question_options\"><\/div><\/div><\/div><\/li ><li class=\"faqwd_question_li expand faqwd_qustion_li_10_445\"><div class=\"faqwd_question_title_container\" data-faqid=10_445> <div class=\"faqwd_question_title\"> <span class=\"faqwd_quest_numbering\">3. <\/span><span class=\"faqwd_post_title\" id=\"10_445\">Les commandes sont-elles reli\u00e9es \u00e0 ma caisse ?<\/span><\/div><div class=\"before20\"><span class=\"arr\">&nbsp;<\/span><\/div><\/div><div class=\"faqwd_question_content faqwd_question_10_445\"><div class=\"faqwd_answer_container\"><div class=\"faqwd_post_info\"><\/div><div class=\"faqwd_answer\"><p>Non. Il existe une infinit\u00e9 de caisse enregistreuse sur le march\u00e9, et seules quelques unes parmi les plus r\u00e9centes ouvrent la possibilit\u00e9 de communiquer avec d'autres outils. Nos clients ayant tous des caisses tr\u00e8s diverses, nous avons d\u00e9cid\u00e9 de ne pas tenter de g\u00e9rer tous ces cas.<br \/>\nDe plus certains clients refusaient cette option au motif qu'ils voulaient pouvoir modifier la saisie finale, le plat servi n'\u00e9tant pas toujour exactement celui command\u00e9, en cas d'erreur ou de rupture.<br \/>\nVous aurez donc \u00e0 retaper sur la caisse les commandes envoy\u00e9es sur l'imprimante d\u00e9di\u00e9e (comme vous le feriez avec un syst\u00e8me de carnet)<\/p>\n<\/div><div class=\"faqwd_question_options\"><\/div><\/div><\/div><\/li ><\/ul > <\/div > <div class=\"faqwd_cat_11 faqwd_cat faqwd_hidden\"><ul class=\"faqwd_questions_ul\"><li class=\"faqwd_question_li expand faqwd_qustion_li_11_440\"><div class=\"faqwd_question_title_container\" data-faqid=11_440> <div class=\"faqwd_question_title\"> <span class=\"faqwd_quest_numbering\">1. <\/span><span class=\"faqwd_post_title\" id=\"11_440\">Dois-je prendre des tables, des bornes, ou des tablettes ?<\/span><\/div><div class=\"before20\"><span class=\"arr\">&nbsp;<\/span><\/div><\/div><div class=\"faqwd_question_content faqwd_question_11_440\"><div class=\"faqwd_answer_container\"><div class=\"faqwd_post_info\"><\/div><div class=\"faqwd_answer\"><p>Chaque outil a ses sp\u00e9cificit\u00e9s.<\/p>\n<p>Les tables permettent aux clients de command\u00e9s d\u00e8s qu'ils sont attabl\u00e9s, sans attendre qu'un serveur se lib\u00e8re. Ils peuvent ensuite patienter en lisant, ou en jouant \u00e0 des jeux de groupe.<br \/>\nLes tablettes ont l'avantage d'\u00eatre peu co\u00fbteuses tout en offrant au client les m\u00eames fonctionnalit\u00e9s pour consulter ou passer commande<br \/>\nLes bornes pr\u00e9sentent l'avantage d'\u00eatre utilis\u00e9es en totale autonomie, comme les tables<\/p>\n<\/div><div class=\"faqwd_question_options\"><\/div><\/div><\/div><\/li ><li class=\"faqwd_question_li expand faqwd_qustion_li_11_441\"><div class=\"faqwd_question_title_container\" data-faqid=11_441> <div class=\"faqwd_question_title\"> <span class=\"faqwd_quest_numbering\">2. <\/span><span class=\"faqwd_post_title\" id=\"11_441\">Combien de tablettes me faut-il ?<\/span><\/div><div class=\"before20\"><span class=\"arr\">&nbsp;<\/span><\/div><\/div><div class=\"faqwd_question_content faqwd_question_11_441\"><div class=\"faqwd_answer_container\"><div class=\"faqwd_post_info\"><\/div><div class=\"faqwd_answer\"><p>En g\u00e9n\u00e9ral, vous n'avez pas besoin de pr\u00e9voir une tablette par table car celles-ci vont circule de table \u00e0 table (sauf si vous souhaiter fixer les tablettes aux tables avec un support). Souvent, une dizaine de tablettes \u00e0 faire circuler entre les clients suffit pour un restaurant d'une trentaine de tables. L<br \/>\nibre \u00e0 vous cependant de faire comme bon vous semble \u00e0 ce sujet.<\/p>\n<\/div><div class=\"faqwd_question_options\"><\/div><\/div><\/div><\/li ><li class=\"faqwd_question_li expand faqwd_qustion_li_11_442\"><div class=\"faqwd_question_title_container\" data-faqid=11_442> <div class=\"faqwd_question_title\"> <span class=\"faqwd_quest_numbering\">3. <\/span><span class=\"faqwd_post_title\" id=\"11_442\">Le prix est-il indiqu\u00e9 pour 1 tablette ou 10 tablettes ?<\/span><\/div><div class=\"before20\"><span class=\"arr\">&nbsp;<\/span><\/div><\/div><div class=\"faqwd_question_content faqwd_question_11_442\"><div class=\"faqwd_answer_container\"><div class=\"faqwd_post_info\"><\/div><div class=\"faqwd_answer\"><p>Nous indiquons pour information le prix par tablette, pour une quantit\u00e9 totale de 10 tablettes. Les tarifs sont en effet d\u00e9gressifs, et la majorit\u00e9 de nos clients prennent 10 tablettes pour leur restaurant, d'o\u00f9 ce tarif indicatif li\u00e9 \u00e0 cette quantit\u00e9.<br \/>\nLe prix indiqu\u00e9 est donc pour 1 tablette sous condition d'en prendre au moins 10.<\/p>\n<\/div><div class=\"faqwd_question_options\"><\/div><\/div><\/div><\/li ><\/ul > <\/div > <\/div><script>\r\n        jQuery(function () {\r\n          aj_comp();\r\n        });\r\n      <\/script><div class=\"faqwd_pagination\"><\/div><\/div>\r\n\r\n<\/article><\/div>\r\n<\/section>","protected":false},"excerpt":{"rendered":"<p>[insert_php] the_post_thumbnail(); [\/insert_php] FAQ Vous trouverez ci-dessous les questions fr\u00e9quemment pos\u00e9es, en esp\u00e9rant qu&rsquo;elles puissent r\u00e9pondre \u00e0 vos demandes. N&rsquo;h\u00e9sitez pas \u00e0 nous contacter si vous ne trouvez pas ci-dessous r\u00e9ponse \u00e0 vos propres questions. &nbsp;<\/p>\n","protected":false},"author":3,"featured_media":228,"parent":0,"menu_order":0,"comment_status":"closed","ping_status":"closed","template":"","meta":{"_locale":"fr_FR","_original_post":"14","footnotes":""},"class_list":["post-14","page","type-page","status-publish","has-post-thumbnail","hentry","fr-FR"],"aioseo_notices":[],"_links":{"self":[{"href":"https:\/\/www.delyss-menu.com\/restaurant\/wp-json\/wp\/v2\/pages\/14","targetHints":{"allow":["GET"]}}],"collection":[{"href":"https:\/\/www.delyss-menu.com\/restaurant\/wp-json\/wp\/v2\/pages"}],"about":[{"href":"https:\/\/www.delyss-menu.com\/restaurant\/wp-json\/wp\/v2\/types\/page"}],"author":[{"embeddable":true,"href":"https:\/\/www.delyss-menu.com\/restaurant\/wp-json\/wp\/v2\/users\/3"}],"replies":[{"embeddable":true,"href":"https:\/\/www.delyss-menu.com\/restaurant\/wp-json\/wp\/v2\/comments?post=14"}],"version-history":[{"count":13,"href":"https:\/\/www.delyss-menu.com\/restaurant\/wp-json\/wp\/v2\/pages\/14\/revisions"}],"predecessor-version":[{"id":448,"href":"https:\/\/www.delyss-menu.com\/restaurant\/wp-json\/wp\/v2\/pages\/14\/revisions\/448"}],"wp:featuredmedia":[{"embeddable":true,"href":"https:\/\/www.delyss-menu.com\/restaurant\/wp-json\/wp\/v2\/media\/228"}],"wp:attachment":[{"href":"https:\/\/www.delyss-menu.com\/restaurant\/wp-json\/wp\/v2\/media?parent=14"}],"curies":[{"name":"wp","href":"https:\/\/api.w.org\/{rel}","templated":true}]}}