{"id":351,"date":"2018-07-21T15:33:50","date_gmt":"2018-07-21T13:33:50","guid":{"rendered":"https:\/\/www.delyss-menu.com\/restaurant\/?page_id=351"},"modified":"2024-07-12T16:29:14","modified_gmt":"2024-07-12T14:29:14","slug":"table-tactile-pour-restaurant-d-neo","status":"publish","type":"page","link":"https:\/\/www.delyss-menu.com\/restaurant\/materiel\/table-tactile-pour-restaurant-d-neo\/","title":{"rendered":"D-N\u00e9o &#8211; Table tactile pour restaurant"},"content":{"rendered":"<style>\r\n.col1, .col2 {\r\n    font-family: \"OpenSans\";\r\n    font-size: 14px;\r\n    line-height: 18px;\r\n\tpadding-bottom: 20px;\r\n}\r\n.col1 {\r\n    width: 60%;\r\n    text-align: justify;\r\n}\r\n.col2 {\r\n    float: right;\r\n    width: 35%;\r\n    border-left: dotted 2px #000;\r\n    padding-left: 20px;\r\n}\r\n\r\n.col2 ul { list-style: square inside; }\r\n\r\n.col1 h1, .col2 h1, .gallery .header h1 {\r\n    font-weight: bold;\r\n    font-size: 18px;\r\n    padding: 0 0 15px 5px;\r\n}\r\n.back { margin:20px;}\r\n.back a.see_all {\r\n    text-decoration: none;\r\n    text-transform: uppercase;\r\n    display: block;\r\n    font-family: \"LatoBold\";\r\n    font-size: 19px;\r\n    color: #ffffff;\r\n    background-color: #f8ab45;\r\n    line-height: 68px;\r\n    width: 80%;\r\n    text-align: center;\r\n}\r\n\r\n<\/style>\r\n\r\n<section id=\"hardware\" class=\"page_section\">\r\n\t<div class=\"blue_haut\"><\/div>\r\n    <div class=\"content\">\r\n        <article class=\"page_article\">\r\n            <header>\r\n                <div class=\"page_image\">\r\n                    [insert_php] the_post_thumbnail(); [\/insert_php]\r\n                <\/div>\r\n                <div class=\"header_content\">\r\n                    <h1 class=\"sub-border-left\">D-N\u00e9o<\/h1>\r\n                    <h2>Des tables pour commander son repas directement<\/h2>\r\n                    <p>\r\n                        <strong>Table tactiles pour restaurant<\/strong><br>\r\n                        La table tactile est le support le plus innovant pour laisser vos clients consulter et commander directement leur repas d\u00e8s qu&rsquo;ils sont assis.<br>\r\n\t\t\t\t\t\tLa table D-N\u00e9o offre un prix tr\u00e8s concurrentiel et un design efficace qui en font une table passe-partout id\u00e9ale.\r\n                    <\/p>\r\n                <\/div>\r\n            <\/header>\r\n        <\/article>\r\n\t\t\r\n\t\t\r\n\t<\/div>\r\n<\/section>\r\n\r\n<section>\t\r\n\t<div class=\"content\">\r\n\t\r\n\t\t<div class=\"col2\">\r\n\t\t\t<h1>Caract\u00e9ristiques techniques<\/h1>\r\n\t\t\t<ul class=\"liste\">\r\n\t\t\t\t<li>CPU : Processeur : Intel i3 Dual Core 3,5 GHz<\/li>\r\n\t\t\t\t<li>M\u00e9moire vive (RAM) : 4 Go <\/li>\r\n\t\t\t\t<li>Disque dur : 60Go SSD<\/li>\r\n\t\t\t\t<li>Wifi\/ bluetooth<\/li>\r\n\t\t\t\t<li>Windows 8<\/li>\r\n\t\t\t\t<li>Table en m\u00e9tal inoxydable. Pied chrom\u00e9<\/li>\r\n\t\t\t\t<li>Tactile multitouches 10 touches simultan\u00e9es<\/li>\r\n\t\t\t\t<li>Taille de la surface tactile de 22 \u00e0 42 pouces<\/li>\r\n\t\t\t\t<li>\u00c9cran LED 250cd\/m\u00b2, r\u00e9solution : 1920 x 1080<\/li>\r\n\t\t\t\t<li>Dimensions : de 70x70cm \u00e0 90x120cm<\/li>\r\n\t\t\t\t<li>hauteur : 75cm<\/li>\r\n\t\t\t\t<li>\u00e9paisseur du plateau : 8 cm<\/li>\r\n\t\t\t\t<li>Surface prot\u00e9g\u00e9e par une dalle s\u00e9curit de 8 mm d&rsquo;\u00e9paisseur<\/li>\r\n\t\t\t\t<li>Surface noire ou blanche au choix<\/li>\r\n\t\t\t<\/ul>\r\n\t\t<\/div>\r\n\t\t\r\n\t\t<div class=\"col1\">\r\n\t\t\t<h1>Pr\u00e9sentation<\/h1>\r\n\t\t\t<p>Dot\u00e9e d\u2019une finition exemplaire, avec son plateau en m\u00e9tal inoxydable, son pied chrom\u00e9 et sa dalle \u00e9paisse de 8mm r\u00e9sistante \u00e0 l\u2019eau et aux rayures, la table D-N\u00e9o est la table tactile sp\u00e9cialement con\u00e7ue pour \u00eatre utilis\u00e9 dans vos restaurants ou bar.<\/p>\r\n\t\t\t<p>La table tactile D-N\u00e9o est \u00e9galement polyvalente et s\u2019adapte \u00e0 vos besoins : disponible en version 2 ou 4 personnes, en table basse ou plus haute, il vous sera \u00e9galement possible de choisir le nombre de points en multitouch en fonction de l\u2019utilisation que vous voulez en faire.<\/p>\r\n\t\t\t<p>Regroupant des composants informatiques lui permettant d\u2019\u00eatre tr\u00e8s r\u00e9active et performante, son architecture pourra \u00e9galement, selon vos gr\u00e9s, \u00eatre adapt\u00e9e. La D-N\u00e9o est la table tactile \u00e9volutive par excellence. \r\n\t\t\t Elle est enfin propos\u00e9e \u00e0 un prix d\u00e9fiant toute concurrence.<\/p>\r\n\t\t<\/div>\r\n\t\r\n\r\n\t\t<div class=\"gallery\"><div class=\"header\">\r\n\t\t\t<h1>Galerie<\/h1>\r\n\t\t\t<\/div>\r\n\t\t\t<div class=\"images\">\r\n\t\t\t<a href=\"https:\/\/www.delyss-menu.com\/restaurant\/wp-content\/uploads\/table-tactile-bar.jpg\"><img decoding=\"async\" src=\"https:\/\/www.delyss-menu.com\/restaurant\/wp-content\/uploads\/table-tactile-bar-300x250.jpg\" alt=\"\" width=\"\"\/><\/a>\r\n\t\t\t<a href=\"https:\/\/www.delyss-menu.com\/restaurant\/wp-content\/uploads\/restaurant-table-tactile.jpg\"><img decoding=\"async\" src=\"https:\/\/www.delyss-menu.com\/restaurant\/wp-content\/uploads\/restaurant-table-tactile-300x231.jpg\" alt=\"\" width=\"\"\/><\/a>\r\n\r\n\t\t<\/div>\r\n\t\r\n\t\t\r\n\t\t<div class=\"back\" align=\"center\">\r\n\t\t\t<a href=\"https:\/\/www.delyss-menu.com\/restaurant\/materiel\/\" class=\"see_all\">Voir tous nos mat\u00e9riels<\/a>\r\n\t\t<\/div>\r\n\t\t<br>\r\n\t<\/div>\r\n<\/section>","protected":false},"excerpt":{"rendered":"<p>[insert_php] the_post_thumbnail(); [\/insert_php] D-N\u00e9o Des tables pour commander son repas directement Table tactiles pour restaurant La table tactile est le support le plus innovant pour laisser vos clients consulter et commander directement leur repas d\u00e8s qu&rsquo;ils sont assis. La table D-N\u00e9o offre un prix tr\u00e8s concurrentiel et un design efficace qui en font une table [&hellip;]<\/p>\n","protected":false},"author":3,"featured_media":355,"parent":10,"menu_order":0,"comment_status":"closed","ping_status":"closed","template":"","meta":{"_locale":"fr_FR","_original_post":"351","footnotes":""},"class_list":["post-351","page","type-page","status-publish","has-post-thumbnail","hentry","fr-FR"],"aioseo_notices":[],"_links":{"self":[{"href":"https:\/\/www.delyss-menu.com\/restaurant\/wp-json\/wp\/v2\/pages\/351","targetHints":{"allow":["GET"]}}],"collection":[{"href":"https:\/\/www.delyss-menu.com\/restaurant\/wp-json\/wp\/v2\/pages"}],"about":[{"href":"https:\/\/www.delyss-menu.com\/restaurant\/wp-json\/wp\/v2\/types\/page"}],"author":[{"embeddable":true,"href":"https:\/\/www.delyss-menu.com\/restaurant\/wp-json\/wp\/v2\/users\/3"}],"replies":[{"embeddable":true,"href":"https:\/\/www.delyss-menu.com\/restaurant\/wp-json\/wp\/v2\/comments?post=351"}],"version-history":[{"count":16,"href":"https:\/\/www.delyss-menu.com\/restaurant\/wp-json\/wp\/v2\/pages\/351\/revisions"}],"predecessor-version":[{"id":493,"href":"https:\/\/www.delyss-menu.com\/restaurant\/wp-json\/wp\/v2\/pages\/351\/revisions\/493"}],"up":[{"embeddable":true,"href":"https:\/\/www.delyss-menu.com\/restaurant\/wp-json\/wp\/v2\/pages\/10"}],"wp:featuredmedia":[{"embeddable":true,"href":"https:\/\/www.delyss-menu.com\/restaurant\/wp-json\/wp\/v2\/media\/355"}],"wp:attachment":[{"href":"https:\/\/www.delyss-menu.com\/restaurant\/wp-json\/wp\/v2\/media?parent=351"}],"curies":[{"name":"wp","href":"https:\/\/api.w.org\/{rel}","templated":true}]}}