{"id":387,"date":"2023-12-06T18:30:42","date_gmt":"2023-12-06T17:30:42","guid":{"rendered":"https:\/\/www.delyss-menu.com\/restaurant\/?page_id=387"},"modified":"2023-12-15T17:36:50","modified_gmt":"2023-12-15T16:36:50","slug":"tablette-pour-restaurant","status":"publish","type":"page","link":"https:\/\/www.delyss-menu.com\/restaurant\/materiel\/tablette-pour-restaurant\/","title":{"rendered":"Tablettes tactiles pour bar et restaurant"},"content":{"rendered":"<section id=\"hardware\" class=\"page_section\">\r\n\t<div class=\"blue_haut\"><\/div>\r\n    <div class=\"content\">\r\n        <article class=\"page_article\">\r\n            <header>\r\n                <div class=\"page_image\">\r\n                    <img decoding=\"async\" src=\"https:\/\/www.delyss-menu.com\/restaurant\/wp-content\/uploads\/tablette-tactile-menu-restaurant.png\" alt=\"Tablette tactile de menu pour restaurant\"\/>\r\n                <\/div>\r\n                <div class=\"header_content\">\r\n                    <h1 class=\"sub-border-left\">Tablettes pour restaurant<\/h1>\r\n                    <h2>Permettre \u00e0 vos clients de passer commande directement<\/h2>\r\n                    <p>\r\n                        <strong>Tablette tactile pour restaurant<\/strong><br>\r\n                        Des tablettes tactiles sous Windows \u00e0 donner aux clients \u00e0 la place des menus pour qu\u2019ils puissent passer commande en autonomie. \r\n \t\t\t\t\t\tNous pouvons \u00e9galement proposer des tablette 7\u2033 plus petites destin\u00e9es \u00e0 vos serveurs. \r\n                    <\/p>\r\n                <\/div>\r\n            <\/header>\r\n        <\/article>\r\n\t\t\r\n\t\t<div class=\"list_block\">\r\n            <h2 class=\"product_category\">Nos tablettes<\/h2>\r\n           \r\n\r\n\r\n<article class=\"product\">\r\n                <div class=\"image\"> \r\n\t\t\t\t  <img decoding=\"async\" src=\"https:\/\/www.delyss-menu.com\/restaurant\/wp-content\/uploads\/tablette-menu-blanche-selftab-600x490.png\" alt=\"Tablette de menu pour restaurant sur table\"\/>\r\n \t\t\t\t<\/div>\r\n                <div class=\"product_content\">\r\n                    <h1>Tablette SelfTab<\/h1>\r\n                    <div class=\"description\">\r\n                        <p>\r\n                        La tablette tactile SelfTab L-shape se pose directement sur table o\u00f9 elle peut \u00eatre consult\u00e9e sans \u00eatre tenue en main. En option sont propos\u00e9es  batterie, lecteur NFC,  taille 10, 13&Prime;, 15&Prime; et 17&Prime;.\r\n<br> <i style=\"font-style:italic\">RAM : 2 Go &#8211;  OS : Android 8.1 &#8211; WIFI<\/i><\/p>\r\n                    <\/div>\r\n                    <div class=\"price\">\r\n                        290 &euro;HT *\r\n                    <\/div>\r\n                    <a href=\"#\" class=\"more\">Plus d&rsquo;informations<\/a>\r\n                <\/div>\r\n            <\/article>\r\n\r\n\r\n\t<article class=\"product\">\r\n                <div class=\"image\">\r\n\t<img decoding=\"async\" src=\"https:\/\/www.delyss-menu.com\/restaurant\/wp-content\/uploads\/tablette-volante-menu-restaurant-600x399.png\" alt=\"Tablette menu de restaurant\">\r\n              <\/div>\r\n                <div class=\"product_content\">\r\n                    <h1>Tablette Volante<\/h1>\r\n                    <div class=\"description\">\r\n                        <p>\r\n                        Tablette tactile la plus r\u00e9active de notre gamme, elle est propos\u00e9e dans un \u00e9tui qui la prot\u00e8ge d\u00e8s qu&rsquo;elle n&rsquo;est plus utilis\u00e9e.\r\n\t<br> <i style=\"font-style:italic\">RAM : 3 Go &#8211;  OS : Android 10 &#8211; WIFI\/4G<\/i><\/p>\r\n                    <\/div>\r\n                    <div class=\"price\">\r\n                        290 &euro;HT *\r\n                    <\/div>\r\n                    <a href=\"#\" class=\"more\">Plus d&rsquo;informations<\/a>\r\n                <\/div>\r\n\t<\/article>\r\n\r\n\t<article class=\"product\">\r\n                <div class=\"image\">\r\n\t\t<img decoding=\"async\" src=\"https:\/\/www.delyss-menu.com\/restaurant\/wp-content\/uploads\/dual-screen-tablet-restaurant-600x453.png\" alt=\"Tablette restaurant double \u00e9cran\"\/>\r\n                 <\/div>\r\n                <div class=\"product_content\">\r\n                    <h1>Tablette Dual<\/h1>\r\n                    <div class=\"description\">\r\n                        <p>La tablette SelfTab V se  pose directement sur la table. Dot\u00e9e d&rsquo;un boitier en m\u00e9tal et d&rsquo;un \u00e9cran en portrait de  15&Prime;, elle permet de naviguer efficacement dans votre menu.\r\n                       <br> <i style=\"font-style:italic\">RAM : 2 Go &#8211;  OS : Android 7.1 &#8211; WIFI<\/i><\/p>\r\n                    <\/div>\r\n                    <div class=\"price\">\r\n                        450 &euro;HT*\r\n                    <\/div>\r\n                    <a href=\"#\" class=\"more\">Plus d&rsquo;informations<\/a>\r\n                <\/div>\r\n            <\/article>\r\n\t\t\t\r\n\t\t\t\t<article class=\"product\">\r\n                <div class=\"image\">\r\n<img decoding=\"async\" src=\"https:\/\/www.delyss-menu.com\/restaurant\/wp-content\/uploads\/borne-menu-restaurant-selfstand.png\" alt=\"Borne menu restaurant accueil\"\/>\r\n                 <\/div>\r\n                <div class=\"product_content\">\r\n                    <h1>Borne SelfStand 32&Prime;<\/h1>\r\n                    <div class=\"description\">\r\n                        <p>La borne SelfStand de 32&Prime; peut \u00eatre pos\u00e9e debout et permet de consulter les menus \u00e0 l&rsquo;entr\u00e9e du restaurant.\r\n                       <br> <i style=\"font-style:italic\">RAM : 2 Go &#8211;  OS : Android 7.1 &#8211; WIFI<\/i><\/p>\r\n                    <\/div>\r\n                    <div class=\"price\">\r\n                        1 800 &euro;HT *\r\n                    <\/div>\r\n                    <a href=\"#\" class=\"more\">Plus d&rsquo;informations<\/a>\r\n                <\/div>\r\n            <\/article>\r\n\t\t\t\r\n\t\t\t\t\t\t\t<article class=\"product\">\r\n                <div class=\"image\">\r\n\t\t<img decoding=\"async\" src=\"https:\/\/www.delyss-menu.com\/restaurant\/wp-content\/uploads\/selfstand15-261x600.png\" alt=\"Borne menu restaurant table\"\/>\r\n                 <\/div>\r\n                <div class=\"product_content\">\r\n                    <h1>Borne SelfStand 15&Prime;<\/h1>\r\n                    <div class=\"description\">\r\n                        <p>La borne SelfStand 15&Prime; tient debout et peut \u00eatre apport\u00e9e \u00e0 chaque table.\r\n                       <br> <i style=\"font-style:italic\">RAM : 2 Go &#8211;  OS : Android 7.1 &#8211; WIFI<\/i><\/p>\r\n                    <\/div>\r\n                    <div class=\"price\">\r\n                        600 &euro;HT *\r\n                    <\/div>\r\n                    <a href=\"#\" class=\"more\">Plus d&rsquo;informations<\/a>\r\n                <\/div>\r\n            <\/article>\r\n\t\t\t\r\n\t\t\t\t<article class=\"product\">\r\n                <div class=\"image\">\r\n\t<img decoding=\"async\" src=\"https:\/\/www.delyss-menu.com\/restaurant\/wp-content\/uploads\/borne-fold-menu-pour-restaurant-284x600.png\" alt=\"Borne de menu restaurant\">\r\n                 <\/div>\r\n                <div class=\"product_content\">\r\n                    <h1>Borne FOLD 10&Prime;<\/h1>\r\n                    <div class=\"description\">\r\n                        <p>La borne FOLD de 10&Prime; permet de consulter directement votre carte \u00e0 l&rsquo;entr\u00e9e du restaurant (\u00e0 abriter en cas de pluie). Elle peut \u00eatre habill\u00e9e \u00e0 vos couleurs pour plus d&rsquo;attractivit\u00e9.\r\n                       <br> <i style=\"font-style:italic\">CPU : Pentium &#8211; RAM : 4 Go &#8211; SSD : 64Go &#8211; OS : W10P<\/i><\/p>\r\n                    <\/div>\r\n                    <div class=\"price\">\r\n                        850 &euro;HT *\r\n                    <\/div>\r\n                    <a href=\"#\" class=\"more\">Plus d&rsquo;informations<\/a>\r\n                <\/div>\r\n            <\/article>\r\n    <\/div>\r\n\t\r\n\t<\/div>\r\n<\/section>\r\n\r\n<section>\t\r\n\t<div class=\"content\">\r\n\t <font style=\"color:gray;font-style:italic\">* Tarifs indicatifs pouvant \u00e9voluer avec le temps<\/font>\r\n\t\r\n\t<\/div>\r\n<\/section>\r\n\r\n<img decoding=\"async\" src=\"https:\/\/www.delyss-menu.com\/restaurant\/wp-content\/uploads\/selftab-restaurant.jpg\" alt=\"Tablette SelfTab en restaurant\" width=\"100%\"\/>\t\t \r\n\r\n","protected":false},"excerpt":{"rendered":"<p>Tablettes pour restaurant Permettre \u00e0 vos clients de passer commande directement Tablette tactile pour restaurant Des tablettes tactiles sous Windows \u00e0 donner aux clients \u00e0 la place des menus pour qu\u2019ils puissent passer commande en autonomie. Nous pouvons \u00e9galement proposer des tablette 7\u2033 plus petites destin\u00e9es \u00e0 vos serveurs. Nos tablettes Tablette SelfTab La tablette [&hellip;]<\/p>\n","protected":false},"author":3,"featured_media":209,"parent":10,"menu_order":0,"comment_status":"closed","ping_status":"closed","template":"","meta":{"_locale":"fr_FR","_original_post":"https:\/\/www.delyss-menu.com\/restaurant\/?page_id=387","footnotes":""},"class_list":["post-387","page","type-page","status-publish","has-post-thumbnail","hentry","fr-FR"],"aioseo_notices":[],"_links":{"self":[{"href":"https:\/\/www.delyss-menu.com\/restaurant\/wp-json\/wp\/v2\/pages\/387","targetHints":{"allow":["GET"]}}],"collection":[{"href":"https:\/\/www.delyss-menu.com\/restaurant\/wp-json\/wp\/v2\/pages"}],"about":[{"href":"https:\/\/www.delyss-menu.com\/restaurant\/wp-json\/wp\/v2\/types\/page"}],"author":[{"embeddable":true,"href":"https:\/\/www.delyss-menu.com\/restaurant\/wp-json\/wp\/v2\/users\/3"}],"replies":[{"embeddable":true,"href":"https:\/\/www.delyss-menu.com\/restaurant\/wp-json\/wp\/v2\/comments?post=387"}],"version-history":[{"count":3,"href":"https:\/\/www.delyss-menu.com\/restaurant\/wp-json\/wp\/v2\/pages\/387\/revisions"}],"predecessor-version":[{"id":461,"href":"https:\/\/www.delyss-menu.com\/restaurant\/wp-json\/wp\/v2\/pages\/387\/revisions\/461"}],"up":[{"embeddable":true,"href":"https:\/\/www.delyss-menu.com\/restaurant\/wp-json\/wp\/v2\/pages\/10"}],"wp:featuredmedia":[{"embeddable":true,"href":"https:\/\/www.delyss-menu.com\/restaurant\/wp-json\/wp\/v2\/media\/209"}],"wp:attachment":[{"href":"https:\/\/www.delyss-menu.com\/restaurant\/wp-json\/wp\/v2\/media?parent=387"}],"curies":[{"name":"wp","href":"https:\/\/api.w.org\/{rel}","templated":true}]}}