{"id":392,"date":"2023-12-07T17:13:01","date_gmt":"2023-12-07T16:13:01","guid":{"rendered":"https:\/\/www.delyss-menu.com\/restaurant\/?page_id=392"},"modified":"2023-12-15T17:35:46","modified_gmt":"2023-12-15T16:35:46","slug":"table-tactile-pour-restaurant","status":"publish","type":"page","link":"https:\/\/www.delyss-menu.com\/restaurant\/materiel\/table-tactile-pour-restaurant\/","title":{"rendered":"Tables tactiles pour bar et restaurant"},"content":{"rendered":"\t<style>\r\n.col1, .col2 {\r\n    font-family: \"OpenSans\";\r\n    font-size: 14px;\r\n    line-height: 18px;\r\n\tpadding-bottom: 20px;\r\n}\r\n.col1 {\r\n    width: 60%;\r\n    text-align: justify;\r\n}\r\n.col2 {\r\n    float: right;\r\n    width: 35%;\r\n    border-left: dotted 2px #000;\r\n    padding-left: 20px;\r\n}\r\n\r\n.col2 ul { list-style: square inside; }\r\n\r\n.col1 h1, .col2 h1, .gallery .header h1 {\r\n    font-weight: bold;\r\n    font-size: 18px;\r\n    padding: 0 0 15px 5px;\r\n}\r\n.back { margin:20px;}\r\n.back a.see_all {\r\n    text-decoration: none;\r\n    text-transform: uppercase;\r\n    display: block;\r\n    font-family: \"LatoBold\";\r\n    font-size: 19px;\r\n    color: #ffffff;\r\n    background-color: #f8ab45;\r\n    line-height: 68px;\r\n    width: 80%;\r\n    text-align: center;\r\n}\r\n\r\n<\/style>\r\n<section id=\"hardware\" class=\"page_section\">\r\n\t<div class=\"blue_haut\"><\/div>\r\n    <div class=\"content\">\r\n        <article class=\"page_article\">\r\n            <header>\r\n                <div class=\"page_image\">\r\n\t\t\t\t\t<img decoding=\"async\" src=\"https:\/\/www.delyss-menu.com\/restaurant\/wp-content\/uploads\/table-tactile-restaurant-dneo-300x202.png\" alt=\"Table tactile pour restaurant\"\/>\r\n                <\/div>\r\n                <div class=\"header_content\">\r\n                    <h1 class=\"sub-border-left\">Tables tactile pour restaurant<\/h1>\r\n                    <h2>Des tables pour commander son repas directement<\/h2>\r\n                    <p>\r\n                        <strong>Table tactiles pour restaurant<\/strong><br>\r\n                        La table tactile est le support le plus innovant pour laisser vos clients consulter et commander directement leur repas d\u00e8s qu&rsquo;ils sont assis.<br>\r\n\t\t\t\t\t\tLa table D-N\u00e9o offre un prix tr\u00e8s concurrentiel et un design efficace qui en font une table passe-partout id\u00e9ale.\r\n                    <\/p>\r\n                <\/div>\r\n            <\/header>\r\n        <\/article>\r\n\t\t\r\n\t\t\r\n\t\t<div class=\"list_block\">\r\n            <h2 class=\"product_category\">Nos tables tactiles<\/h2>\r\n\t\t\t\r\n            <article class=\"product\">\r\n                <div class=\"image\">\r\n               <a href=\"https:\/\/www.delyss-menu.com\/restaurant\/materiel\/table-tactile-pour-restaurant-d-neo\/\"><img decoding=\"async\" src=\"https:\/\/www.delyss-menu.com\/restaurant\/wp-content\/uploads\/restaurant-table-tactile-300x231.jpg\" alt=\"table tactile restaurant D-neo\"\/><\/a>\r\n                <\/div>\r\n                <div class=\"product_content\">\r\n                    <h1>D-N\u00e9o<\/h1>\r\n                    <div class=\"description\">\r\n                        <p>\r\n                            Une table en 70&#215;70 cm  au prix tr\u00e8s abordable. <br>\r\n\t\t\t\t\t\t\t<br> <i style=\"font-style:italic\">Ecran 21&Prime; (24&Prime; ou 27&Prime; \u00e9galement disponible) &#8211; CPU : i3 &#8211; RAM : 4 Go &#8211; SSD : 128Go &#8211; OS : W10P<\/i>\r\n                        <\/p>\r\n                    <\/div>\r\n                    <div class=\"price\">\r\n                       2 200 &euro;HT *\r\n                    <\/div>\r\n                    <a href=\"https:\/\/www.delyss-menu.com\/restaurant\/materiel\/table-tactile-pour-restaurant-d-neo\/\" class=\"more\">Plus d&rsquo;informations<\/a>\r\n                <\/div>\r\n            <\/article>\r\n\t\t\t\r\n            <article class=\"product\">\r\n                <div class=\"image\">\r\n                  <img decoding=\"async\" src=\"https:\/\/www.delyss-menu.com\/restaurant\/wp-content\/uploads\/table-tactile-restaurant-ronde-300x200.jpg\" alt=\"\" width=\"\"\/>\r\n                <\/div>\r\n                <div class=\"product_content\">\r\n                    <h1>RestoRound<\/h1>\r\n                    <div class=\"description\">\r\n                        <p>\r\n                            Cette table pr\u00e9sente un plateau rond de 60cm de diam\u00e8tre. Fabriqu\u00e9e en Chine avec un prix attractif.<br>\r\n\t\t\t\t\t\t\t<br> <i style=\"font-style:italic\">Ecran 21&Prime; (24&Prime; ou 27&Prime; \u00e9galement disponible) &#8211; CPU : i3 &#8211; RAM : 4 Go &#8211; SSD : 128Go &#8211; OS : W10P<\/i>\r\n                        <\/p>\r\n                    <\/div>\r\n                    <div class=\"price\">\r\n                        2 000 &euro;HT *\r\n                    <\/div>\r\n                    <a href=\"#\" class=\"more\">Plus d&rsquo;informations<\/a>\r\n                <\/div>\r\n            <\/article>\r\n\t\t\t\r\n            <article class=\"product\">\r\n                <div class=\"image\">\r\n\t\t\t\t\t<img decoding=\"async\" src=\"https:\/\/www.delyss-menu.com\/restaurant\/wp-content\/uploads\/table-tactile-quadratech-300x200.jpg\" alt=\"table tactile pour restaurant 4 places\"\/>\r\n                <\/div>\r\n                <div class=\"product_content\">\r\n                    <h1>QuadraTech<\/h1>\r\n                    <div class=\"description\">\r\n                        <p>\r\n                            Une table 4 places de 120x80cm permettant d&rsquo;exploiter toute les capacit\u00e9 de DELYSS.<br>\r\n\t\t\t\t\t\t\t<br> <i style=\"font-style:italic\">Ecran 42&Prime; &#8211; CPU : i3 &#8211; RAM : 4 Go &#8211; SSD : 128Go &#8211; OS : W10P<\/i>\r\n                        <\/p>\r\n                    <\/div>\r\n                    <div class=\"price\">\r\n                        4 900 &euro;HT *\r\n                    <\/div>\r\n                    <a href=\"#\" class=\"more\">Plus d&rsquo;informations<\/a>\r\n                <\/div>\r\n            <\/article>\r\n\t\t\t\r\n           \r\n\t\t<\/div>\r\n\t<\/div>\r\n\t   <div class=\"hardware_bottom\"><\/div>\r\n<\/section>\r\n\r\n<section>\t\r\n\t<div class=\"content\">\r\n\t\t <font style=\"color:gray;font-style:italic\">* Tarifs indicatifs pouvant \u00e9voluer avec le temps<\/font>\r\n\t<\/div>\r\n<\/section>\t\t   \r\n","protected":false},"excerpt":{"rendered":"<p>Tables tactile pour restaurant Des tables pour commander son repas directement Table tactiles pour restaurant La table tactile est le support le plus innovant pour laisser vos clients consulter et commander directement leur repas d\u00e8s qu&rsquo;ils sont assis. La table D-N\u00e9o offre un prix tr\u00e8s concurrentiel et un design efficace qui en font une table [&hellip;]<\/p>\n","protected":false},"author":3,"featured_media":355,"parent":10,"menu_order":0,"comment_status":"closed","ping_status":"closed","template":"","meta":{"_locale":"fr_FR","_original_post":"https:\/\/www.delyss-menu.com\/restaurant\/?page_id=392","footnotes":""},"class_list":["post-392","page","type-page","status-publish","has-post-thumbnail","hentry","fr-FR"],"aioseo_notices":[],"_links":{"self":[{"href":"https:\/\/www.delyss-menu.com\/restaurant\/wp-json\/wp\/v2\/pages\/392","targetHints":{"allow":["GET"]}}],"collection":[{"href":"https:\/\/www.delyss-menu.com\/restaurant\/wp-json\/wp\/v2\/pages"}],"about":[{"href":"https:\/\/www.delyss-menu.com\/restaurant\/wp-json\/wp\/v2\/types\/page"}],"author":[{"embeddable":true,"href":"https:\/\/www.delyss-menu.com\/restaurant\/wp-json\/wp\/v2\/users\/3"}],"replies":[{"embeddable":true,"href":"https:\/\/www.delyss-menu.com\/restaurant\/wp-json\/wp\/v2\/comments?post=392"}],"version-history":[{"count":4,"href":"https:\/\/www.delyss-menu.com\/restaurant\/wp-json\/wp\/v2\/pages\/392\/revisions"}],"predecessor-version":[{"id":460,"href":"https:\/\/www.delyss-menu.com\/restaurant\/wp-json\/wp\/v2\/pages\/392\/revisions\/460"}],"up":[{"embeddable":true,"href":"https:\/\/www.delyss-menu.com\/restaurant\/wp-json\/wp\/v2\/pages\/10"}],"wp:featuredmedia":[{"embeddable":true,"href":"https:\/\/www.delyss-menu.com\/restaurant\/wp-json\/wp\/v2\/media\/355"}],"wp:attachment":[{"href":"https:\/\/www.delyss-menu.com\/restaurant\/wp-json\/wp\/v2\/media?parent=392"}],"curies":[{"name":"wp","href":"https:\/\/api.w.org\/{rel}","templated":true}]}}